{"id":20885,"date":"2025-04-18T11:04:10","date_gmt":"2025-04-18T09:04:10","guid":{"rendered":"https:\/\/vremeplov.ba\/2025\/?page_id=20885"},"modified":"2025-05-29T09:52:24","modified_gmt":"2025-05-29T07:52:24","slug":"kolekcionarstvo-i-zahvale","status":"publish","type":"page","link":"https:\/\/vremeplov.ba\/2025\/kolekcionarstvo-i-zahvale\/","title":{"rendered":"Kolekcionarstvo i zahvale"},"content":{"rendered":"\n<p style=\"font-size:20px\">Sre\u0107kova strast prema \u017eeljeznici nije samo u istra\u017eivanju i pisanju \u2013 ona se ogleda i u njegovom bogatom kolekcionarskom radu. Godinama je ulagao zna\u010dajna sredstva u otkup rijetkih i originalnih predmeta sa \u017eeljezni\u010dkom tematikom: fotografija, razglednica, po\u0161tanskih markica, voznih karata, bed\u017eeva, legitimacija, starih mapa i suvenira.<\/p>\n\n\n\n<p style=\"font-size:20px\">Ve\u0107ina ovih eksponata dostupna je za pregled u okviru sajta, ali Sre\u0107ko jasno isti\u010de da su svi materijali u njegovom autorskom vlasni\u0161tvu i da se ne smiju koristiti bez dozvole. Njegova kolekcija nije samo osobna \u2013 ona je kulturno dobro koje dijeli sa \u0161irom publikom iz ljubavi i odgovornosti prema pro\u0161losti.<\/p>\n\n\n\n<p style=\"font-size:20px\">Me\u0111u onima koji su prepoznali vrijednost ovog rada nalaze se i istra\u017eiva\u010di iz Poljske, \u010ce\u0161ke, Njema\u010dke i Austrije, koji su tra\u017eili saradnju, dijelili njegove radove (uz navo\u0111enje izvora), pa \u010dak i slali svoje knjige i izdanja uz posvete. Posebno je zna\u010dajan zajedni\u010dki projekat s autorom Wolframom Wendelinom iz Austrije \u2013 knjiga o \u0161umskoj pruzi Zavidovi\u0107i\u2013Olovo\u2013Kusa\u010de, koja \u0107e biti objavljena na njema\u010dkom jeziku.<\/p>\n\n\n\n<p style=\"font-size:20px\">Sre\u0107ko tako\u0111e radi na ideji otvaranja malog zavi\u010dajnog muzeja u Semizovcu ili Vogo\u0161\u0107i, gdje bi njegova kolekcija bila dostupna javnosti i fizi\u010dki. Iako je pokrenuo inicijativu, realizacija zahtijeva vrijeme, prostor i podr\u0161ku lokalne zajednice. <\/p>\n\n\n\n<p style=\"font-size:20px\">\u201eZahvalan sam svima koji prate i podr\u017eavaju moj rad. Nadam se da \u0107e <strong>vremeplov.ba<\/strong> ostati \u017eiv dokle god postoji interes da se sa\u010duva dio \u017eeljezni\u010dke pro\u0161losti. Pozivam sve dobronamjerne ljude da se uklju\u010de, podijele pri\u010de, fotografije ili pru\u017ee podr\u0161ku ovom projektu.\u201c<\/p>\n\n\n\n<p style=\"font-size:20px\">Sre\u0107ko Ignjatovi\u0107<\/p>\n","protected":false},"excerpt":{"rendered":"<p>Sre\u0107kova strast prema \u017eeljeznici nije samo u istra\u017eivanju i pisanju \u2013 ona se ogleda i u njegovom bogatom kolekcionarskom radu. Godinama je ulagao zna\u010dajna sredstva u otkup rijetkih i originalnih predmeta sa \u017eeljezni\u010dkom tematikom: fotografija, razglednica, po\u0161tanskih markica, voznih karata, bed\u017eeva, legitimacija, starih mapa i suvenira. Ve\u0107ina ovih eksponata dostupna je za pregled u okviru&hellip;&nbsp;<a href=\"https:\/\/vremeplov.ba\/2025\/kolekcionarstvo-i-zahvale\/\" rel=\"bookmark\">Read More &raquo;<span class=\"screen-reader-text\">Kolekcionarstvo i zahvale<\/span><\/a><\/p>\n","protected":false},"author":1,"featured_media":0,"parent":0,"menu_order":0,"comment_status":"closed","ping_status":"closed","template":"","meta":{"give_campaign_id":0,"neve_meta_sidebar":"","neve_meta_container":"","neve_meta_enable_content_width":"","neve_meta_content_width":0,"neve_meta_title_alignment":"","neve_meta_author_avatar":"","neve_post_elements_order":"","neve_meta_disable_header":"","neve_meta_disable_footer":"","neve_meta_disable_title":"","ngg_post_thumbnail":0,"pgc_sgb_lightbox_settings":"","_themeisle_gutenberg_block_has_review":false,"footnotes":""},"class_list":["post-20885","page","type-page","status-publish","hentry"],"campaignId":"","_links":{"self":[{"href":"https:\/\/vremeplov.ba\/2025\/wp-json\/wp\/v2\/pages\/20885","targetHints":{"allow":["GET"]}}],"collection":[{"href":"https:\/\/vremeplov.ba\/2025\/wp-json\/wp\/v2\/pages"}],"about":[{"href":"https:\/\/vremeplov.ba\/2025\/wp-json\/wp\/v2\/types\/page"}],"author":[{"embeddable":true,"href":"https:\/\/vremeplov.ba\/2025\/wp-json\/wp\/v2\/users\/1"}],"replies":[{"embeddable":true,"href":"https:\/\/vremeplov.ba\/2025\/wp-json\/wp\/v2\/comments?post=20885"}],"version-history":[{"count":3,"href":"https:\/\/vremeplov.ba\/2025\/wp-json\/wp\/v2\/pages\/20885\/revisions"}],"predecessor-version":[{"id":32897,"href":"https:\/\/vremeplov.ba\/2025\/wp-json\/wp\/v2\/pages\/20885\/revisions\/32897"}],"wp:attachment":[{"href":"https:\/\/vremeplov.ba\/2025\/wp-json\/wp\/v2\/media?parent=20885"}],"curies":[{"name":"wp","href":"https:\/\/api.w.org\/{rel}","templated":true}]}}